{"id":5934,"date":"2021-09-02T13:27:07","date_gmt":"2021-09-02T10:27:07","guid":{"rendered":"https:\/\/www.ozparkelaminat.com\/ozpar\/?page_id=5934"},"modified":"2021-09-03T10:31:40","modified_gmt":"2021-09-03T07:31:40","slug":"iletisim","status":"publish","type":"page","link":"https:\/\/www.ozparkelaminat.com\/ozpar\/iletisim\/","title":{"rendered":"\u0130LET\u0130\u015e\u0130M"},"content":{"rendered":"\t\t<div data-elementor-type=\"wp-page\" data-elementor-id=\"5934\" class=\"elementor elementor-5934\" data-elementor-settings=\"[]\">\n\t\t\t\t\t\t\t<div class=\"elementor-section-wrap\">\n\t\t\t\t\t        <section class=\"elementor-section elementor-top-section elementor-element elementor-element-063a8d8 elementor-section-boxed elementor-section-height-default elementor-section-height-default\" data-id=\"063a8d8\" data-element_type=\"section\">\n            \n                        <div class=\"elementor-container elementor-column-gap-default \">\n                    <div class=\"elementor-column elementor-col-50 elementor-top-column elementor-element elementor-element-1e74bf2\" data-id=\"1e74bf2\" data-element_type=\"column\">\n            <div class=\"elementor-widget-wrap elementor-element-populated\">\n                        \t\t<div class=\"elementor-element elementor-element-3562a8a elementor-widget elementor-widget-ct_contact_info\" data-id=\"3562a8a\" data-element_type=\"widget\" data-widget_type=\"ct_contact_info.default\">\n\t\t\t\t<div class=\"elementor-widget-container\">\n\t\t\t    <div class=\"ct-contact-info ct-contact-info2 \">\r\n                    <div class=\"item--inner\">\r\n            \t\t\t\t        <div class=\"ct-contact-icon\" >\r\n\t\t                <i aria-hidden=\"true\" class=\"flaticonv6 flaticonv6-home\"><\/i>\t\t                \t\t\t        <\/div>\r\n\t\t\t                                    <div class=\"ct-contact-meta\">\r\n                    <h4 class=\"item--title\">Adres<\/h4>\r\n                    <div class=\"item--content\">\r\n                       Kaz\u0131m Karabekir Mh. \u0130stasyon Cd. No:134\/2 Etimesgut-ANKARA                    <\/div>\r\n                <\/div>\r\n\r\n                <a class=\"ct-contact-link\"  ><i class=\"fac fa-arrow-right\"><\/i><\/a>\r\n                \r\n           <\/div>\r\n                    <div class=\"item--inner\">\r\n            \t\t\t\t        <div class=\"ct-contact-icon\" >\r\n\t\t                <i aria-hidden=\"true\" class=\"flaticon flaticon-telephone\"><\/i>\t\t                \t\t\t        <\/div>\r\n\t\t\t                                    <div class=\"ct-contact-meta\">\r\n                    <h4 class=\"item--title\">Telefon<\/h4>\r\n                    <div class=\"item--content\">\r\n                       + 90  312 244 94 16                    <\/div>\r\n                <\/div>\r\n\r\n                <a class=\"ct-contact-link\"  ><i class=\"fac fa-arrow-right\"><\/i><\/a>\r\n                \r\n           <\/div>\r\n                    <div class=\"item--inner\">\r\n            \t\t\t\t        <div class=\"ct-contact-icon\" >\r\n\t\t                <i aria-hidden=\"true\" class=\"fas fa-fax\"><\/i>\t\t                \t\t\t        <\/div>\r\n\t\t\t                                    <div class=\"ct-contact-meta\">\r\n                    <h4 class=\"item--title\">Fax<\/h4>\r\n                    <div class=\"item--content\">\r\n                       + 90  312 244 95 08                    <\/div>\r\n                <\/div>\r\n\r\n                <a class=\"ct-contact-link\"  ><i class=\"fac fa-arrow-right\"><\/i><\/a>\r\n                \r\n           <\/div>\r\n                    <div class=\"item--inner\">\r\n            \t\t\t\t        <div class=\"ct-contact-icon\" >\r\n\t\t                <i aria-hidden=\"true\" class=\"material zmdi zmdi-email\"><\/i>\t\t                \t\t\t        <\/div>\r\n\t\t\t                                    <div class=\"ct-contact-meta\">\r\n                    <h4 class=\"item--title\">E-mail<\/h4>\r\n                    <div class=\"item--content\">\r\n                        info@ozparkelaminat.com                    <\/div>\r\n                <\/div>\r\n\r\n                <a class=\"ct-contact-link\"  ><i class=\"fac fa-arrow-right\"><\/i><\/a>\r\n                \r\n           <\/div>\r\n            <\/div>\r\n\t\t<\/div>\n\t\t\t\t<\/div>\n\t\t            <\/div>\n        <\/div>\n                <div class=\"elementor-column elementor-col-50 elementor-top-column elementor-element elementor-element-7b9e9ac\" data-id=\"7b9e9ac\" data-element_type=\"column\">\n            <div class=\"elementor-widget-wrap\">\n                                    <\/div>\n        <\/div>\n                            <\/div>\n        <\/section>\n                <section class=\"elementor-section elementor-top-section elementor-element elementor-element-95e03fb elementor-section-boxed elementor-section-height-default elementor-section-height-default\" data-id=\"95e03fb\" data-element_type=\"section\">\n            \n                        <div class=\"elementor-container elementor-column-gap-default \">\n                    <div class=\"elementor-column elementor-col-100 elementor-top-column elementor-element elementor-element-ad0b0fb\" data-id=\"ad0b0fb\" data-element_type=\"column\">\n            <div class=\"elementor-widget-wrap elementor-element-populated\">\n                        \t\t<div class=\"elementor-element elementor-element-54cce8d elementor-widget elementor-widget-google_maps\" data-id=\"54cce8d\" data-element_type=\"widget\" data-widget_type=\"google_maps.default\">\n\t\t\t\t<div class=\"elementor-widget-container\">\n\t\t\t\t\t<div class=\"elementor-custom-embed\">\n\t\t\t<iframe frameborder=\"0\" scrolling=\"no\" marginheight=\"0\" marginwidth=\"0\" src=\"https:\/\/maps.google.com\/maps?q=Kaz%C4%B1m%20Karabekir%20Mh.%20%C4%B0stasyon%20Cd.%20No%3A134%2F2%20Etimesgut-ANKARA&amp;t=m&amp;z=15&amp;output=embed&amp;iwloc=near\" title=\"%3$s\" aria-label=\"%3$s\"><\/iframe>\n\t\t<\/div>\n\t\t\t\t<\/div>\n\t\t\t\t<\/div>\n\t\t            <\/div>\n        <\/div>\n                            <\/div>\n        <\/section>\n        \t\t\t\t<\/div>\n\t\t\t\t\t<\/div>\n\t\t","protected":false},"excerpt":{"rendered":"<p>Adres Kaz\u0131m Karabekir Mh. \u0130stasyon Cd. No:134\/2 Etimesgut-ANKARA Telefon + 90 312 244 94 16 Fax + 90 312 244 95 08 E-mail info@ozparkelaminat.com KonuBilgi AlmaTeklif AlmaDi\u011fer Formu ilet<\/p>\n","protected":false},"author":2,"featured_media":0,"parent":0,"menu_order":0,"comment_status":"closed","ping_status":"closed","template":"","meta":{"footnotes":""},"class_list":["post-5934","page","type-page","status-publish","hentry"],"_links":{"self":[{"href":"https:\/\/www.ozparkelaminat.com\/ozpar\/wp-json\/wp\/v2\/pages\/5934","targetHints":{"allow":["GET"]}}],"collection":[{"href":"https:\/\/www.ozparkelaminat.com\/ozpar\/wp-json\/wp\/v2\/pages"}],"about":[{"href":"https:\/\/www.ozparkelaminat.com\/ozpar\/wp-json\/wp\/v2\/types\/page"}],"author":[{"embeddable":true,"href":"https:\/\/www.ozparkelaminat.com\/ozpar\/wp-json\/wp\/v2\/users\/2"}],"replies":[{"embeddable":true,"href":"https:\/\/www.ozparkelaminat.com\/ozpar\/wp-json\/wp\/v2\/comments?post=5934"}],"version-history":[{"count":13,"href":"https:\/\/www.ozparkelaminat.com\/ozpar\/wp-json\/wp\/v2\/pages\/5934\/revisions"}],"predecessor-version":[{"id":5971,"href":"https:\/\/www.ozparkelaminat.com\/ozpar\/wp-json\/wp\/v2\/pages\/5934\/revisions\/5971"}],"wp:attachment":[{"href":"https:\/\/www.ozparkelaminat.com\/ozpar\/wp-json\/wp\/v2\/media?parent=5934"}],"curies":[{"name":"wp","href":"https:\/\/api.w.org\/{rel}","templated":true}]}}